{"id":3,"date":"2025-09-03T08:36:52","date_gmt":"2025-09-03T08:36:52","guid":{"rendered":"https:\/\/willyswheels.geekworkers.dev\/?page_id=3"},"modified":"2025-09-24T13:50:57","modified_gmt":"2025-09-24T13:50:57","slug":"politique-de-confidentialite","status":"publish","type":"page","link":"https:\/\/willyrentcar.ch\/en\/politique-de-confidentialite\/","title":{"rendered":"Privacy policy"},"content":{"rendered":"<h2 class=\"wp-block-heading\">Willy's Wheels Privacy Policy<\/h2>\n\n\n\n<p><strong>Update date: September 24, 2025<\/strong><\/p>\n\n\n\n<p>At Willy's Wheels, protecting your personal data is a priority. In accordance with the Swiss Federal Data Protection Act (nLPD) and the European Union's General Data Protection Regulation (RGPD), we are committed to ensuring transparency, security and respect for your rights.<\/p>\n\n\n\n<h3 class=\"wp-block-heading\">1. Data controller<\/h3>\n\n\n\n<p><strong>Willy's Wheels<\/strong><br>Avenue du Grey 36, 1004 Lausanne, Switzerland<br>Tel: <a href=\"tel:41768037767\">+41 76 803 77 67<\/a><br>Email : <a href=\"mailto:\" data-type=\"mailto\" data-id=\"mailto:\">info@willyrentcar.ch<\/a><\/p>\n\n\n\n<h3 class=\"wp-block-heading\">2. Personal data collected<\/h3>\n\n\n\n<p>We collect the following data via our contact form:<\/p>\n\n\n\n<ul class=\"wp-block-list\">\n<li>Full name<\/li>\n\n\n\n<li>Email address<\/li>\n\n\n\n<li>Phone number<\/li>\n\n\n\n<li>Message transmitted<\/li>\n<\/ul>\n\n\n\n<p>This information is required to respond to your requests for quotes or information.<\/p>\n\n\n\n<h3 class=\"wp-block-heading\">3. Purpose of processing<\/h3>\n\n\n\n<p>Data is processed for the following purposes:<\/p>\n\n\n\n<ul class=\"wp-block-list\">\n<li>Customized quotation<\/li>\n\n\n\n<li>Quick contact to answer your questions<\/li>\n\n\n\n<li>Customer relationship management<\/li>\n<\/ul>\n\n\n\n<h3 class=\"wp-block-heading\">4. Legal basis for processing<\/h3>\n\n\n\n<ul class=\"wp-block-list\">\n<li>Your <strong>explicit consent<\/strong> (via form)<\/li>\n\n\n\n<li>Carrying out pre-contractual measures at your request<\/li>\n<\/ul>\n\n\n\n<h3 class=\"wp-block-heading\">5. Data recipients<\/h3>\n\n\n\n<p>The data collected is intended solely for Willy's Wheels. It may be shared with IT service providers (e.g. web hosting, contact management tools) under a subcontracting agreement in accordance with art. 9 nLPD and art. 28 RGPD.<\/p>\n\n\n\n<h3 class=\"wp-block-heading\">6. Shelf life<\/h3>\n\n\n\n<p>Data is kept for a maximum period of <strong>12 months<\/strong> unless a contractual relationship has been entered into, in which case data is retained in accordance with legal and tax obligations.<\/p>\n\n\n\n<h3 class=\"wp-block-heading\">7. Transfers outside Switzerland or the EU\/EEA<\/h3>\n\n\n\n<p>Data is not transferred outside Switzerland or the EU\/EEA. Should this be the case, we will ensure that the level of protection is adequate (e.g. Swiss-US Data Privacy Framework or standard contractual clauses).<\/p>\n\n\n\n<h3 class=\"wp-block-heading\">8. Your rights<\/h3>\n\n\n\n<p>You may exercise the following rights at any time:<\/p>\n\n\n\n<ul class=\"wp-block-list\">\n<li>Access to your data<\/li>\n\n\n\n<li>Correction or update<\/li>\n\n\n\n<li>Erasure (right to be forgotten)<\/li>\n\n\n\n<li>Opposition or withdrawal of consent<\/li>\n\n\n\n<li>Data portability<\/li>\n<\/ul>\n\n\n\n<p>To exercise these rights, please contact : <a href=\"mailto:\" data-type=\"mailto\" data-id=\"mailto:\">info@willyrentcar.ch<\/a><\/p>\n\n\n\n<h3 class=\"wp-block-heading\">9. Data security<\/h3>\n\n\n\n<p>Appropriate technical and organizational measures are put in place to ensure the confidentiality, integrity, availability and traceability of your personal data (art. 8 OPDo).<\/p>\n\n\n\n<h3 class=\"wp-block-heading\">10. Information on data protection (DPO)<\/h3>\n\n\n\n<p>If you have any questions about data protection, please contact : <a href=\"mailto:info@willyrentcar.ch\" data-type=\"mailto\" data-id=\"mailto:info@willyrentcar.ch\">info@willyrentcar.ch<\/a><br><\/p>\n\n\n\n<div style=\"height:100px\" aria-hidden=\"true\" class=\"wp-block-spacer\"><\/div>","protected":false},"excerpt":{"rendered":"<p>Politique de Confidentialit\u00e9 de Willy\u2019s Wheels Date de mise \u00e0 jour : 24 septembre 2025 Chez Willy\u2019s Wheels, la protection de vos donn\u00e9es personnelles est une priorit\u00e9. Conform\u00e9ment \u00e0 la Loi f\u00e9d\u00e9rale suisse sur la protection des donn\u00e9es (nLPD) et au R\u00e8glement g\u00e9n\u00e9ral sur la protection des donn\u00e9es (RGPD) de l&rsquo;Union europ\u00e9enne, nous nous engageons [&hellip;]<\/p>\n","protected":false},"author":1,"featured_media":0,"parent":0,"menu_order":0,"comment_status":"closed","ping_status":"closed","template":"","meta":{"footnotes":""},"class_list":["post-3","page","type-page","status-publish","hentry"],"_links":{"self":[{"href":"https:\/\/willyrentcar.ch\/en\/wp-json\/wp\/v2\/pages\/3","targetHints":{"allow":["GET"]}}],"collection":[{"href":"https:\/\/willyrentcar.ch\/en\/wp-json\/wp\/v2\/pages"}],"about":[{"href":"https:\/\/willyrentcar.ch\/en\/wp-json\/wp\/v2\/types\/page"}],"author":[{"embeddable":true,"href":"https:\/\/willyrentcar.ch\/en\/wp-json\/wp\/v2\/users\/1"}],"replies":[{"embeddable":true,"href":"https:\/\/willyrentcar.ch\/en\/wp-json\/wp\/v2\/comments?post=3"}],"version-history":[{"count":5,"href":"https:\/\/willyrentcar.ch\/en\/wp-json\/wp\/v2\/pages\/3\/revisions"}],"predecessor-version":[{"id":260,"href":"https:\/\/willyrentcar.ch\/en\/wp-json\/wp\/v2\/pages\/3\/revisions\/260"}],"wp:attachment":[{"href":"https:\/\/willyrentcar.ch\/en\/wp-json\/wp\/v2\/media?parent=3"}],"curies":[{"name":"wp","href":"https:\/\/api.w.org\/{rel}","templated":true}]}}